{"id":198,"date":"2025-07-02T21:48:25","date_gmt":"2025-07-02T19:48:25","guid":{"rendered":"https:\/\/new.pcc.ro\/?page_id=198"},"modified":"2025-07-04T23:53:39","modified_gmt":"2025-07-04T21:53:39","slug":"conducere","status":"publish","type":"page","link":"https:\/\/new.pcc.ro\/index.php\/acasa\/conducere\/","title":{"rendered":"Conducerea"},"content":{"rendered":"\n<div class=\"wp-block-columns is-layout-flex wp-container-core-columns-is-layout-28f84493 wp-block-columns-is-layout-flex\">\n<div class=\"wp-block-column is-layout-flow wp-block-column-is-layout-flow\">\n<div class=\"wp-block-columns is-layout-flex wp-container-core-columns-is-layout-28f84493 wp-block-columns-is-layout-flex\">\n<div class=\"wp-block-column is-layout-flow wp-block-column-is-layout-flow\" style=\"flex-basis:50%\">\n<figure class=\"wp-block-image aligncenter size-full is-resized has-custom-border is-style-rounded\"><a href=\"https:\/\/usrcorbeanca.ro\/stefan-apateanu-mai-multe-despre-mine\/\" target=\"_blank\" rel=\" noreferrer noopener\"><img decoding=\"async\" src=\"https:\/\/primariacorbeanca.ro\/wp-content\/uploads\/2025\/02\/stefan-apateanu.jpg\" alt=\"\" class=\"has-border-color has-ast-global-color-7-border-color wp-image-4462\" style=\"border-width:1px;width:200px\"\/><\/a><\/figure>\n<\/div>\n\n\n\n<div class=\"wp-block-column is-layout-flow wp-block-column-is-layout-flow\" style=\"flex-basis:50%\">\n<h2 class=\"wp-block-heading\">Primar<\/h2>\n\n\n\n<p>\u0218tefan-Adrian <strong>Ap\u0103teanu <\/strong>(<a href=\"https:\/\/usrcorbeanca.ro\/\" target=\"_blank\" rel=\"noopener\">USR<\/a>)<br><a href=\"mailto:primar@pcc.ro\" target=\"_blank\" rel=\"noopener\">primar@pcc.ro<\/a><\/p>\n<\/div>\n<\/div>\n\n\n\n<div class=\"wp-block-columns is-layout-flex wp-container-core-columns-is-layout-28f84493 wp-block-columns-is-layout-flex\">\n<div class=\"wp-block-column is-layout-flow wp-block-column-is-layout-flow\" style=\"flex-basis:50%\">\n<figure class=\"wp-block-image aligncenter size-full is-resized has-custom-border is-style-rounded\"><a href=\"https:\/\/usrcorbeanca.ro\/nicolae-mihailescu-mai-multe-despre-mine\/\" target=\"_blank\" rel=\" noreferrer noopener\"><img decoding=\"async\" src=\"https:\/\/primariacorbeanca.ro\/wp-content\/uploads\/2025\/02\/nicolae-mihailescu.jpg\" alt=\"\" class=\"has-border-color has-ast-global-color-7-border-color wp-image-4463\" style=\"border-width:1px;width:200px\"\/><\/a><\/figure>\n<\/div>\n\n\n\n<div class=\"wp-block-column is-layout-flow wp-block-column-is-layout-flow\" style=\"flex-basis:50%\">\n<h2 class=\"wp-block-heading\">Viceprimar<\/h2>\n\n\n\n<p>Nicolae-Sorin <strong>Mih\u0103ilescu<\/strong> (FD)<strong><br><\/strong><a href=\"mailto:viceprimar@pcc.ro\" target=\"_blank\" rel=\"noopener\">viceprimar@pcc.ro<\/a><\/p>\n<\/div>\n<\/div>\n<\/div>\n\n\n\n<div class=\"wp-block-column is-layout-flow wp-block-column-is-layout-flow\">\n<div class=\"wp-block-columns is-layout-flex wp-container-core-columns-is-layout-28f84493 wp-block-columns-is-layout-flex\">\n<div class=\"wp-block-column is-layout-flow wp-block-column-is-layout-flow\" style=\"flex-basis:50%\">\n<figure class=\"wp-block-image aligncenter size-medium is-resized has-custom-border is-style-rounded\"><a href=\"https:\/\/www.linkedin.com\/in\/elenatudosero\/\" target=\"_blank\" rel=\" noreferrer noopener\"><img decoding=\"async\" src=\"https:\/\/primariacorbeanca.ro\/wp-content\/uploads\/2025\/02\/elena-tudose-300x300.jpg\" alt=\"\" class=\"has-border-color has-ast-global-color-7-border-color wp-image-4535\" style=\"border-width:1px;width:200px\"\/><\/a><\/figure>\n<\/div>\n\n\n\n<div class=\"wp-block-column is-layout-flow wp-block-column-is-layout-flow\" style=\"flex-basis:50%\">\n<h2 class=\"wp-block-heading\">Administrator<\/h2>\n\n\n\n<p>Elena <strong>Tudose<br><\/strong><a href=\"mailto:administrator@pcc.ro\" target=\"_blank\" rel=\"noopener\">administrator@pcc.ro<\/a><\/p>\n<\/div>\n<\/div>\n\n\n\n<div class=\"wp-block-columns is-layout-flex wp-container-core-columns-is-layout-28f84493 wp-block-columns-is-layout-flex\">\n<div class=\"wp-block-column is-layout-flow wp-block-column-is-layout-flow\" style=\"flex-basis:50%\">\n<figure class=\"wp-block-image aligncenter size-full is-resized has-custom-border is-style-rounded\"><a href=\"https:\/\/www.linkedin.com\/in\/catalin-romulus-pantazi-478190302\/\" target=\"_blank\" rel=\" noreferrer noopener\"><img decoding=\"async\" src=\"https:\/\/primariacorbeanca.ro\/wp-content\/uploads\/2025\/02\/romulus-catalin-pantazi.jpg\" alt=\"\" class=\"has-border-color has-ast-global-color-7-border-color wp-image-4464\" style=\"border-width:1px;width:200px\"\/><\/a><\/figure>\n<\/div>\n\n\n\n<div class=\"wp-block-column is-layout-flow wp-block-column-is-layout-flow\" style=\"flex-basis:50%\">\n<h2 class=\"wp-block-heading\">Secretar general<\/h2>\n\n\n\n<p>Romulus C\u0103t\u0103lin <strong>Pantazi<br><\/strong><a href=\"mailto:secretar@pcc.ro\" target=\"_blank\" rel=\"noopener\">secretar@pcc.ro<\/a><\/p>\n<\/div>\n<\/div>\n<\/div>\n<\/div>\n","protected":false},"excerpt":{"rendered":"<p>Primar \u0218tefan-Adrian Ap\u0103teanu (USR)primar@pcc.ro Viceprimar Nicolae-Sorin Mih\u0103ilescu (FD)viceprimar@pcc.ro Administrator Elena Tudoseadministrator@pcc.ro Secretar general Romulus C\u0103t\u0103lin Pantazisecretar@pcc.ro<\/p>\n","protected":false},"author":1,"featured_media":0,"parent":2,"menu_order":0,"comment_status":"closed","ping_status":"closed","template":"","meta":{"inline_featured_image":false,"site-sidebar-layout":"default","site-content-layout":"","ast-site-content-layout":"default","site-content-style":"boxed","site-sidebar-style":"default","ast-global-header-display":"","ast-banner-title-visibility":"","ast-main-header-display":"","ast-hfb-above-header-display":"","ast-hfb-below-header-display":"","ast-hfb-mobile-header-display":"","site-post-title":"","ast-breadcrumbs-content":"","ast-featured-img":"","footer-sml-layout":"","theme-transparent-header-meta":"","adv-header-id-meta":"","stick-header-meta":"","header-above-stick-meta":"","header-main-stick-meta":"","header-below-stick-meta":"","astra-migrate-meta-layouts":"default","ast-page-background-enabled":"default","ast-page-background-meta":{"desktop":{"background-color":"var(--ast-global-color-5)","background-image":"","background-repeat":"repeat","background-position":"center center","background-size":"auto","background-attachment":"scroll","background-type":"","background-media":"","overlay-type":"","overlay-color":"","overlay-opacity":"","overlay-gradient":""},"tablet":{"background-color":"","background-image":"","background-repeat":"repeat","background-position":"center center","background-size":"auto","background-attachment":"scroll","background-type":"","background-media":"","overlay-type":"","overlay-color":"","overlay-opacity":"","overlay-gradient":""},"mobile":{"background-color":"","background-image":"","background-repeat":"repeat","background-position":"center center","background-size":"auto","background-attachment":"scroll","background-type":"","background-media":"","overlay-type":"","overlay-color":"","overlay-opacity":"","overlay-gradient":""}},"ast-content-background-meta":{"desktop":{"background-color":"var(--ast-global-color-4)","background-image":"","background-repeat":"repeat","background-position":"center center","background-size":"auto","background-attachment":"scroll","background-type":"","background-media":"","overlay-type":"","overlay-color":"","overlay-opacity":"","overlay-gradient":""},"tablet":{"background-color":"var(--ast-global-color-4)","background-image":"","background-repeat":"repeat","background-position":"center center","background-size":"auto","background-attachment":"scroll","background-type":"","background-media":"","overlay-type":"","overlay-color":"","overlay-opacity":"","overlay-gradient":""},"mobile":{"background-color":"var(--ast-global-color-4)","background-image":"","background-repeat":"repeat","background-position":"center center","background-size":"auto","background-attachment":"scroll","background-type":"","background-media":"","overlay-type":"","overlay-color":"","overlay-opacity":"","overlay-gradient":""}},"footnotes":""},"class_list":["post-198","page","type-page","status-publish","hentry"],"_links":{"self":[{"href":"https:\/\/new.pcc.ro\/index.php\/wp-json\/wp\/v2\/pages\/198","targetHints":{"allow":["GET"]}}],"collection":[{"href":"https:\/\/new.pcc.ro\/index.php\/wp-json\/wp\/v2\/pages"}],"about":[{"href":"https:\/\/new.pcc.ro\/index.php\/wp-json\/wp\/v2\/types\/page"}],"author":[{"embeddable":true,"href":"https:\/\/new.pcc.ro\/index.php\/wp-json\/wp\/v2\/users\/1"}],"replies":[{"embeddable":true,"href":"https:\/\/new.pcc.ro\/index.php\/wp-json\/wp\/v2\/comments?post=198"}],"version-history":[{"count":9,"href":"https:\/\/new.pcc.ro\/index.php\/wp-json\/wp\/v2\/pages\/198\/revisions"}],"predecessor-version":[{"id":366,"href":"https:\/\/new.pcc.ro\/index.php\/wp-json\/wp\/v2\/pages\/198\/revisions\/366"}],"up":[{"embeddable":true,"href":"https:\/\/new.pcc.ro\/index.php\/wp-json\/wp\/v2\/pages\/2"}],"wp:attachment":[{"href":"https:\/\/new.pcc.ro\/index.php\/wp-json\/wp\/v2\/media?parent=198"}],"curies":[{"name":"wp","href":"https:\/\/api.w.org\/{rel}","templated":true}]}}